{"id":6758,"date":"2026-03-29T22:02:52","date_gmt":"2026-03-29T20:02:52","guid":{"rendered":"https:\/\/flowgres.pl\/?page_id=6758"},"modified":"2026-03-29T22:02:52","modified_gmt":"2026-03-29T20:02:52","slug":"security-2","status":"publish","type":"page","link":"https:\/\/flowgres.pl\/en\/security-2\/","title":{"rendered":"Security"},"content":{"rendered":"<h1>Bezpiecze\u0144stwo danych<\/h1>\n<p>Dbamy o to, aby zapewni\u0107 pe\u0142ne bezpiecze\u0144stwo Twoich danych, wykorzystuj\u0105c <br \/>najnowsze technologie oraz najbardziej sprawdzone praktyki<strong>.<\/strong><\/p>\n<p>Z systemem Flowgres mo\u017cesz dzia\u0142a\u0107 spokojnie \u2013 Twoje dane s\u0105 zawsze bezpieczne i pod kontrol\u0105.<\/p>\n<p>\t\t\t\t\t<a href=\"https:\/\/flowgres.pl\/en\/contact\/\"><br \/>\n\t\t\t\t\t\t\t\t\tWypr\u00f3buj Flowgres bezp\u0142atnie<br \/>\n\t\t\t\t\t<\/a><br \/>\n\t\t\t\t\t\t\t\t\t\t\t\t\t\t\t<img fetchpriority=\"high\" decoding=\"async\" width=\"1920\" height=\"1080\" src=\"https:\/\/flowgres.pl\/wp-content\/uploads\/2023\/12\/security_main_v1.png\" alt=\"\" srcset=\"https:\/\/flowgres.pl\/wp-content\/uploads\/2023\/12\/security_main_v1.png 1920w, https:\/\/flowgres.pl\/wp-content\/uploads\/2023\/12\/security_main_v1-300x169.png 300w, https:\/\/flowgres.pl\/wp-content\/uploads\/2023\/12\/security_main_v1-1024x576.png 1024w, https:\/\/flowgres.pl\/wp-content\/uploads\/2023\/12\/security_main_v1-768x432.png 768w, https:\/\/flowgres.pl\/wp-content\/uploads\/2023\/12\/security_main_v1-1536x864.png 1536w, https:\/\/flowgres.pl\/wp-content\/uploads\/2023\/12\/security_main_v1-260x146.png 260w, https:\/\/flowgres.pl\/wp-content\/uploads\/2023\/12\/security_main_v1-50x28.png 50w, https:\/\/flowgres.pl\/wp-content\/uploads\/2023\/12\/security_main_v1-133x75.png 133w, https:\/\/flowgres.pl\/wp-content\/uploads\/2023\/12\/security_main_v1-1200x675.png 1200w, https:\/\/flowgres.pl\/wp-content\/uploads\/2023\/12\/security_main_v1-800x450.png 800w\" sizes=\"(max-width:767px) 480px, (max-width:1920px) 100vw, 1920px\" \/>\t\t\t\t\t\t\t\t\t\t\t\t\t\t\t<\/p>\n<h2>Co zyskujesz <br \/>z systemem Flowgres?<\/h2>\n<ul>\n<li data-start=\"2452\" data-end=\"2517\"><strong data-start=\"241\" data-end=\"272\">Ochron\u0119 przed utrat\u0105 danych<\/strong> \u2013 codzienne backupy<\/li>\n<li data-start=\"2518\" data-end=\"2595\">\n<p data-start=\"2520\" data-end=\"2595\"><strong data-start=\"338\" data-end=\"360\">Nieprzerwan\u0105 prac\u0119<\/strong> \u2013 system dzia\u0142a 24\/7<\/p>\n<\/li>\n<li data-start=\"2596\" data-end=\"2704\">\n<p data-start=\"2598\" data-end=\"2704\"><strong data-start=\"410\" data-end=\"446\">Bezpieczn\u0105 transmisj\u0119 informacji<\/strong> \u2013 szyfrowanie SSL chroni dane w sieci<\/p>\n<\/li>\n<\/ul>\n<p>Wykorzystujemy sprawdzone technologie i dochowujemy standard\u00f3w bezpiecze\u0144stwa, aby\u015b m\u00f3g\u0142 w pe\u0142ni zaufa\u0107 systemowi,\u00a0na kt\u00f3rym opierasz sw\u00f3j biznes.<\/p>\n<p>\t\t\t\t\t\t\t\t\t\t\t\t\t\t\t<img decoding=\"async\" width=\"1024\" height=\"576\" src=\"https:\/\/flowgres.pl\/wp-content\/uploads\/2024\/01\/data-backup_v2-1024x576.png\" alt=\"\" srcset=\"https:\/\/flowgres.pl\/wp-content\/uploads\/2024\/01\/data-backup_v2-1024x576.png 1024w, https:\/\/flowgres.pl\/wp-content\/uploads\/2024\/01\/data-backup_v2-300x169.png 300w, https:\/\/flowgres.pl\/wp-content\/uploads\/2024\/01\/data-backup_v2-768x432.png 768w, https:\/\/flowgres.pl\/wp-content\/uploads\/2024\/01\/data-backup_v2-1536x864.png 1536w, https:\/\/flowgres.pl\/wp-content\/uploads\/2024\/01\/data-backup_v2-133x75.png 133w, https:\/\/flowgres.pl\/wp-content\/uploads\/2024\/01\/data-backup_v2-1200x675.png 1200w, https:\/\/flowgres.pl\/wp-content\/uploads\/2024\/01\/data-backup_v2-480x270.png 480w, https:\/\/flowgres.pl\/wp-content\/uploads\/2024\/01\/data-backup_v2-800x450.png 800w, https:\/\/flowgres.pl\/wp-content\/uploads\/2024\/01\/data-backup_v2.png 1920w\" sizes=\"(max-width:767px) 480px, (max-width:1024px) 100vw, 1024px\" \/>\t\t\t\t\t\t\t\t\t\t\t\t\t\t\t<\/p>\n<h3>Kopia zapasowa<\/h3>\n<p>Complete copies of FLOWGRES instances made with VEEAM Backup &amp; Replication software are stored in a separate location.<\/p>\n<p>\t\t\t\t\t\t\t\t\t\t\t\t\t\t\t<img decoding=\"async\" width=\"1024\" height=\"576\" src=\"https:\/\/flowgres.pl\/wp-content\/uploads\/2024\/01\/sewrer-1024x576.png\" alt=\"\" srcset=\"https:\/\/flowgres.pl\/wp-content\/uploads\/2024\/01\/sewrer-1024x576.png 1024w, https:\/\/flowgres.pl\/wp-content\/uploads\/2024\/01\/sewrer-300x169.png 300w, https:\/\/flowgres.pl\/wp-content\/uploads\/2024\/01\/sewrer-768x432.png 768w, https:\/\/flowgres.pl\/wp-content\/uploads\/2024\/01\/sewrer-1536x864.png 1536w, https:\/\/flowgres.pl\/wp-content\/uploads\/2024\/01\/sewrer-133x75.png 133w, https:\/\/flowgres.pl\/wp-content\/uploads\/2024\/01\/sewrer-1200x675.png 1200w, https:\/\/flowgres.pl\/wp-content\/uploads\/2024\/01\/sewrer-480x270.png 480w, https:\/\/flowgres.pl\/wp-content\/uploads\/2024\/01\/sewrer-800x450.png 800w, https:\/\/flowgres.pl\/wp-content\/uploads\/2024\/01\/sewrer.png 1920w\" sizes=\"(max-width:767px) 480px, (max-width:1024px) 100vw, 1024px\" \/>\t\t\t\t\t\t\t\t\t\t\t\t\t\t\t<\/p>\n<h3>Centrum danych<\/h3>\n<p>Servers located in two independent data centers, built in accordance with key requirements of international standards and norms.<\/p>\n<p>\t\t\t\t\t\t\t\t\t\t\t\t\t\t\t<img loading=\"lazy\" decoding=\"async\" width=\"1024\" height=\"576\" src=\"https:\/\/flowgres.pl\/wp-content\/uploads\/2024\/01\/data-access-1024x576.png\" alt=\"\" srcset=\"https:\/\/flowgres.pl\/wp-content\/uploads\/2024\/01\/data-access-1024x576.png 1024w, https:\/\/flowgres.pl\/wp-content\/uploads\/2024\/01\/data-access-300x169.png 300w, https:\/\/flowgres.pl\/wp-content\/uploads\/2024\/01\/data-access-768x432.png 768w, https:\/\/flowgres.pl\/wp-content\/uploads\/2024\/01\/data-access-1536x864.png 1536w, https:\/\/flowgres.pl\/wp-content\/uploads\/2024\/01\/data-access-133x75.png 133w, https:\/\/flowgres.pl\/wp-content\/uploads\/2024\/01\/data-access-1200x675.png 1200w, https:\/\/flowgres.pl\/wp-content\/uploads\/2024\/01\/data-access-480x270.png 480w, https:\/\/flowgres.pl\/wp-content\/uploads\/2024\/01\/data-access-800x450.png 800w, https:\/\/flowgres.pl\/wp-content\/uploads\/2024\/01\/data-access.png 1920w\" sizes=\"(max-width:767px) 480px, (max-width:1024px) 100vw, 1024px\" \/>\t\t\t\t\t\t\t\t\t\t\t\t\t\t\t<\/p>\n<h3>Dost\u0119p do danych<\/h3>\n<p>24\/7 access &#8211; we guarantee that your data will always be available.<\/p>\n<p>\t\t\t\t\t\t\t\t\t\t\t\t\t\t\t<img loading=\"lazy\" decoding=\"async\" width=\"1024\" height=\"576\" src=\"https:\/\/flowgres.pl\/wp-content\/uploads\/2024\/01\/internet-access-1024x576.png\" alt=\"\" srcset=\"https:\/\/flowgres.pl\/wp-content\/uploads\/2024\/01\/internet-access-1024x576.png 1024w, https:\/\/flowgres.pl\/wp-content\/uploads\/2024\/01\/internet-access-300x169.png 300w, https:\/\/flowgres.pl\/wp-content\/uploads\/2024\/01\/internet-access-768x432.png 768w, https:\/\/flowgres.pl\/wp-content\/uploads\/2024\/01\/internet-access-1536x864.png 1536w, https:\/\/flowgres.pl\/wp-content\/uploads\/2024\/01\/internet-access-133x75.png 133w, https:\/\/flowgres.pl\/wp-content\/uploads\/2024\/01\/internet-access-1200x675.png 1200w, https:\/\/flowgres.pl\/wp-content\/uploads\/2024\/01\/internet-access-480x270.png 480w, https:\/\/flowgres.pl\/wp-content\/uploads\/2024\/01\/internet-access-800x450.png 800w, https:\/\/flowgres.pl\/wp-content\/uploads\/2024\/01\/internet-access.png 1920w\" sizes=\"(max-width:767px) 480px, (max-width:1024px) 100vw, 1024px\" \/>\t\t\t\t\t\t\t\t\t\t\t\t\t\t\t<\/p>\n<h3>Sie\u0107 internetowa<\/h3>\n<p>Carrier-neutral data center &#8211; diversified providers of links to the data center, several outputs to the global network and traffic exchange points &#8211; EPIX, TPIX, Thinx.<\/p>\n<p>\t\t\t\t\t\t\t\t\t\t\t\t\t\t\t<img loading=\"lazy\" decoding=\"async\" width=\"1024\" height=\"576\" src=\"https:\/\/flowgres.pl\/wp-content\/uploads\/2024\/01\/ssl-1024x576.png\" alt=\"\" srcset=\"https:\/\/flowgres.pl\/wp-content\/uploads\/2024\/01\/ssl-1024x576.png 1024w, https:\/\/flowgres.pl\/wp-content\/uploads\/2024\/01\/ssl-300x169.png 300w, https:\/\/flowgres.pl\/wp-content\/uploads\/2024\/01\/ssl-768x432.png 768w, https:\/\/flowgres.pl\/wp-content\/uploads\/2024\/01\/ssl-1536x864.png 1536w, https:\/\/flowgres.pl\/wp-content\/uploads\/2024\/01\/ssl-133x75.png 133w, https:\/\/flowgres.pl\/wp-content\/uploads\/2024\/01\/ssl-1200x675.png 1200w, https:\/\/flowgres.pl\/wp-content\/uploads\/2024\/01\/ssl-480x270.png 480w, https:\/\/flowgres.pl\/wp-content\/uploads\/2024\/01\/ssl-800x450.png 800w, https:\/\/flowgres.pl\/wp-content\/uploads\/2024\/01\/ssl.png 1920w\" sizes=\"(max-width:767px) 480px, (max-width:1024px) 100vw, 1024px\" \/>\t\t\t\t\t\t\t\t\t\t\t\t\t\t\t<\/p>\n<h3>SSL<\/h3>\n<p>Transmitted data is 100% secure, thanks to the SSL certificate, which provides the highest level of data encryption security.<\/p>\n<h3>Bezpiecze\u0144stwo systemu Flowgres,<br \/>\nkt\u00f3re wspiera rozw\u00f3j Twojej firmy<\/h3>\n<p>Bezpiecze\u0144stwo danych w systemie Flowgres to kompleksowe podej\u015bcie, kt\u00f3re \u0142\u0105czy kontrol\u0119 dost\u0119pu, niezawodn\u0105 infrastruktur\u0119, codzienne kopie zapasowe i szyfrowan\u0105 transmisj\u0119 informacji. Dzi\u0119ki temu mo\u017cesz pracowa\u0107 spokojnie, maj\u0105c pewno\u015b\u0107, \u017ce Twoje dane s\u0105 zawsze chronione i dost\u0119pne. To ochrona, na kt\u00f3rej mo\u017cesz polega\u0107, niezale\u017cnie od wyzwa\u0144<br \/>i sytuacji w biznesie.<\/p>\n<p>\t\t\t\t\t<a href=\"https:\/\/flowgres.pl\/en\/contact\/\"><br \/>\n\t\t\t\t\t\t\t\t\tUm\u00f3w wersj\u0119 demo<br \/>\n\t\t\t\t\t<\/a><\/p>\n","protected":false},"excerpt":{"rendered":"<p>Bezpiecze\u0144stwo danych Dbamy o to, aby zapewni\u0107 pe\u0142ne bezpiecze\u0144stwo Twoich danych, wykorzystuj\u0105c najnowsze technologie oraz najbardziej sprawdzone praktyki. Z systemem Flowgres mo\u017cesz dzia\u0142a\u0107 spokojnie \u2013 Twoje<span class=\"excerpt-hellip\"> [\u2026]<\/span><\/p>\n","protected":false},"author":1,"featured_media":0,"parent":0,"menu_order":0,"comment_status":"closed","ping_status":"closed","template":"","meta":{"footnotes":""},"class_list":["post-6758","page","type-page","status-publish","hentry"],"_links":{"self":[{"href":"https:\/\/flowgres.pl\/en\/wp-json\/wp\/v2\/pages\/6758","targetHints":{"allow":["GET"]}}],"collection":[{"href":"https:\/\/flowgres.pl\/en\/wp-json\/wp\/v2\/pages"}],"about":[{"href":"https:\/\/flowgres.pl\/en\/wp-json\/wp\/v2\/types\/page"}],"author":[{"embeddable":true,"href":"https:\/\/flowgres.pl\/en\/wp-json\/wp\/v2\/users\/1"}],"replies":[{"embeddable":true,"href":"https:\/\/flowgres.pl\/en\/wp-json\/wp\/v2\/comments?post=6758"}],"version-history":[{"count":1,"href":"https:\/\/flowgres.pl\/en\/wp-json\/wp\/v2\/pages\/6758\/revisions"}],"predecessor-version":[{"id":6759,"href":"https:\/\/flowgres.pl\/en\/wp-json\/wp\/v2\/pages\/6758\/revisions\/6759"}],"wp:attachment":[{"href":"https:\/\/flowgres.pl\/en\/wp-json\/wp\/v2\/media?parent=6758"}],"curies":[{"name":"wp","href":"https:\/\/api.w.org\/{rel}","templated":true}]}}